{"id":15,"date":"2023-08-11T16:59:59","date_gmt":"2023-08-11T14:59:59","guid":{"rendered":"https:\/\/beta.sem.admin.ch\/selfcheck\/?page_id=15"},"modified":"2024-01-29T14:41:37","modified_gmt":"2024-01-29T13:41:37","slug":"aaa000d","status":"publish","type":"page","link":"https:\/\/beta.sem.admin.ch\/selfcheck\/","title":{"rendered":"aaa000d"},"content":{"rendered":"<div class=\"gb-container gb-container-874c8a10 gb-container-c5638dae\"><\/div>\n\n<div class=\"gb-container gb-container-910d41f9 gb-container-7f1754a8\">\n\n<div class=\"wp-block-columns is-layout-flex wp-container-core-columns-is-layout-9d6595d7 wp-block-columns-is-layout-flex\">\n<div class=\"wp-block-column is-layout-flow wp-block-column-is-layout-flow\">\n<h2 class=\"gb-headline gb-headline-78302799 gb-headline-text gb-headline-cde565b2\">Self-Check Einb\u00fcrgerung<\/h2>\n\n\n\n<p class=\"gb-headline gb-headline-2c2cfd66 gb-headline-text gb-headline-f649d55c\">Erfahren Sie in wenigen Klicks, ob Sie die<strong> wichtigsten Kriterien f\u00fcr eine erleichterte Einb\u00fcrgerung<\/strong> erf\u00fcllen. <\/p>\n<\/div>\n\n\n\n<div class=\"wp-block-column is-layout-flow wp-block-column-is-layout-flow\">\n<figure class=\"wp-block-image size-medium\"><img loading=\"lazy\" decoding=\"async\" width=\"300\" height=\"276\" src=\"https:\/\/beta.sem.admin.ch\/selfcheck\/wp-content\/uploads\/2023\/12\/Version_Karte_ue_DE-300x276.png\" alt=\"\" class=\"wp-image-3476\" srcset=\"https:\/\/beta.sem.admin.ch\/selfcheck\/wp-content\/uploads\/2023\/12\/Version_Karte_ue_DE-300x276.png 300w, https:\/\/beta.sem.admin.ch\/selfcheck\/wp-content\/uploads\/2023\/12\/Version_Karte_ue_DE-1024x943.png 1024w, https:\/\/beta.sem.admin.ch\/selfcheck\/wp-content\/uploads\/2023\/12\/Version_Karte_ue_DE-768x707.png 768w, https:\/\/beta.sem.admin.ch\/selfcheck\/wp-content\/uploads\/2023\/12\/Version_Karte_ue_DE.png 1173w\" sizes=\"auto, (max-width: 300px) 100vw, 300px\" \/><\/figure>\n<\/div>\n<\/div>\n\n\n\n<p class=\"gb-headline gb-headline-783e7038 gb-headline-text gb-headline-595d3662\"><strong>Der Self-Check informiert aktuell nur \u00fcber die erleichterte Einb\u00fcrgerung aufgrund<\/strong><br>&#8211; Ehe mit Schweizer\/-in<br>&#8211; in eine Ehe umgewandelte eingetragene Partnerschaft mit Schweizer\/-in<br>&#8211; Ausl\u00e4nder\/-in der dritten Generation<\/p>\n\n\n\n<p class=\"gb-headline gb-headline-79b6afc6 gb-headline-text gb-headline-595d3662\"><strong>Bitte beachten Sie:<\/strong> Der Self-Check Einb\u00fcrgerung dient Ihrer Information und gew\u00e4hrt keinen Anspruch auf eine allf\u00e4llige Einb\u00fcrgerung. <\/p>\n\n\n\n<a class=\"gb-button gb-button-4524d321 gb-button-text gb-button-303b01f0\" href=\"https:\/\/beta.sem.admin.ch\/selfcheck\/auo000d\/\">Ok, einverstanden<\/a>\n\n<\/div>","protected":false},"excerpt":{"rendered":"<p>Self-Check Einb\u00fcrgerung Erfahren Sie in wenigen Klicks, ob Sie die wichtigsten Kriterien f\u00fcr eine erleichterte Einb\u00fcrgerung erf\u00fcllen. Der Self-Check informiert aktuell nur \u00fcber die erleichterte Einb\u00fcrgerung aufgrund&#8211; Ehe mit Schweizer\/-in&#8211; in eine Ehe umgewandelte eingetragene Partnerschaft mit Schweizer\/-in&#8211; Ausl\u00e4nder\/-in der dritten Generation Bitte beachten Sie: Der Self-Check Einb\u00fcrgerung dient Ihrer Information und gew\u00e4hrt keinen Anspruch &#8230; <a title=\"aaa000d\" class=\"read-more\" href=\"https:\/\/beta.sem.admin.ch\/selfcheck\/\" aria-label=\"Mehr Informationen \u00fcber aaa000d\">Weiterlesen<\/a><\/p>\n","protected":false},"author":1,"featured_media":0,"parent":0,"menu_order":0,"comment_status":"closed","ping_status":"closed","template":"","meta":{"_acf_changed":false,"footnotes":"[]"},"class_list":["post-15","page","type-page","status-publish"],"acf":[],"_links":{"self":[{"href":"https:\/\/beta.sem.admin.ch\/selfcheck\/wp-json\/wp\/v2\/pages\/15","targetHints":{"allow":["GET"]}}],"collection":[{"href":"https:\/\/beta.sem.admin.ch\/selfcheck\/wp-json\/wp\/v2\/pages"}],"about":[{"href":"https:\/\/beta.sem.admin.ch\/selfcheck\/wp-json\/wp\/v2\/types\/page"}],"author":[{"embeddable":true,"href":"https:\/\/beta.sem.admin.ch\/selfcheck\/wp-json\/wp\/v2\/users\/1"}],"replies":[{"embeddable":true,"href":"https:\/\/beta.sem.admin.ch\/selfcheck\/wp-json\/wp\/v2\/comments?post=15"}],"version-history":[{"count":1,"href":"https:\/\/beta.sem.admin.ch\/selfcheck\/wp-json\/wp\/v2\/pages\/15\/revisions"}],"predecessor-version":[{"id":4494,"href":"https:\/\/beta.sem.admin.ch\/selfcheck\/wp-json\/wp\/v2\/pages\/15\/revisions\/4494"}],"wp:attachment":[{"href":"https:\/\/beta.sem.admin.ch\/selfcheck\/wp-json\/wp\/v2\/media?parent=15"}],"curies":[{"name":"wp","href":"https:\/\/api.w.org\/{rel}","templated":true}]}}