{"id":68,"date":"2023-08-11T16:59:59","date_gmt":"2023-08-11T14:59:59","guid":{"rendered":"https:\/\/beta.sem.admin.ch\/selfcheck\/aaa000f\/"},"modified":"2024-02-02T15:46:44","modified_gmt":"2024-02-02T14:46:44","slug":"aaa000f","status":"publish","type":"page","link":"https:\/\/beta.sem.admin.ch\/selfcheck\/fr\/","title":{"rendered":"aaa000f"},"content":{"rendered":"<div class=\"gb-container gb-container-874c8a10 gb-container-c5638dae\"><\/div>\n\n<div class=\"gb-container gb-container-910d41f9 gb-container-7f1754a8\">\n\n<div class=\"wp-block-columns is-layout-flex wp-container-core-columns-is-layout-9d6595d7 wp-block-columns-is-layout-flex\">\n<div class=\"wp-block-column is-layout-flow wp-block-column-is-layout-flow\">\n<h2 class=\"gb-headline gb-headline-78302799 gb-headline-text gb-headline-cde565b2\">Autotest de naturalisation<\/h2>\n\n\n\n<p class=\"gb-headline gb-headline-2c2cfd66 gb-headline-text gb-headline-f649d55c\">D\u00e9couvrez en quelques clics si vous remplissez les principaux crit\u00e8res pour obtenir une naturalisation facilit\u00e9e.<\/p>\n<\/div>\n\n\n\n<div class=\"wp-block-column is-layout-flow wp-block-column-is-layout-flow\">\n<figure class=\"wp-block-image size-medium\"><img loading=\"lazy\" decoding=\"async\" width=\"300\" height=\"276\" src=\"https:\/\/beta.sem.admin.ch\/selfcheck\/wp-content\/uploads\/2023\/12\/Version_Karte_ue_FR-300x276.png\" alt=\"\" class=\"wp-image-3480\" srcset=\"https:\/\/beta.sem.admin.ch\/selfcheck\/wp-content\/uploads\/2023\/12\/Version_Karte_ue_FR-300x276.png 300w, https:\/\/beta.sem.admin.ch\/selfcheck\/wp-content\/uploads\/2023\/12\/Version_Karte_ue_FR-1024x943.png 1024w, https:\/\/beta.sem.admin.ch\/selfcheck\/wp-content\/uploads\/2023\/12\/Version_Karte_ue_FR-768x707.png 768w, https:\/\/beta.sem.admin.ch\/selfcheck\/wp-content\/uploads\/2023\/12\/Version_Karte_ue_FR.png 1173w\" sizes=\"auto, (max-width: 300px) 100vw, 300px\" \/><\/figure>\n<\/div>\n<\/div>\n\n\n\n<p class=\"gb-headline gb-headline-f32d3714 gb-headline-text gb-headline-595d3662\"><strong>L&rsquo;autotest vous donne actuellement des informations sur la naturalisation facilit\u00e9e uniquement dans les cas suivants :<\/strong><br>&#8211; Mariage avec un\/e citoyen\/ne suisse<br>&#8211; Partenariat enregistr\u00e9 (converti en mariage) avec un\/e citoyen\/ne suisse<br>&#8211; \u00c9tranger\/\u00e8re de la troisi\u00e8me g\u00e9n\u00e9ration<\/p>\n\n\n\n<p class=\"gb-headline gb-headline-79b6afc6 gb-headline-text gb-headline-595d3662\"><strong>Veuillez noter que :<\/strong> L&rsquo;autotest de naturalisation sert \u00e0 vous informer et ne donne aucun droit \u00e0 une \u00e9ventuelle naturalisation. <\/p>\n\n\n\n<a class=\"gb-button gb-button-4524d321 gb-button-text gb-button-303b01f0\" href=\"https:\/\/beta.sem.admin.ch\/selfcheck\/fr\/auo000f\/\">Ok, je suis d&rsquo;accord<\/a>\n\n<\/div>","protected":false},"excerpt":{"rendered":"<p>Autotest de naturalisation D\u00e9couvrez en quelques clics si vous remplissez les principaux crit\u00e8res pour obtenir une naturalisation facilit\u00e9e. L&rsquo;autotest vous donne actuellement des informations sur la naturalisation facilit\u00e9e uniquement dans les cas suivants :&#8211; Mariage avec un\/e citoyen\/ne suisse&#8211; Partenariat enregistr\u00e9 (converti en mariage) avec un\/e citoyen\/ne suisse&#8211; \u00c9tranger\/\u00e8re de la troisi\u00e8me g\u00e9n\u00e9ration Veuillez noter &#8230; <a title=\"aaa000f\" class=\"read-more\" href=\"https:\/\/beta.sem.admin.ch\/selfcheck\/fr\/\" aria-label=\"En savoir plus sur aaa000f\">Lire la suite<\/a><\/p>\n","protected":false},"author":1,"featured_media":0,"parent":0,"menu_order":0,"comment_status":"closed","ping_status":"closed","template":"","meta":{"_acf_changed":false,"footnotes":""},"class_list":["post-68","page","type-page","status-publish"],"acf":[],"_links":{"self":[{"href":"https:\/\/beta.sem.admin.ch\/selfcheck\/fr\/wp-json\/wp\/v2\/pages\/68","targetHints":{"allow":["GET"]}}],"collection":[{"href":"https:\/\/beta.sem.admin.ch\/selfcheck\/fr\/wp-json\/wp\/v2\/pages"}],"about":[{"href":"https:\/\/beta.sem.admin.ch\/selfcheck\/fr\/wp-json\/wp\/v2\/types\/page"}],"author":[{"embeddable":true,"href":"https:\/\/beta.sem.admin.ch\/selfcheck\/fr\/wp-json\/wp\/v2\/users\/1"}],"replies":[{"embeddable":true,"href":"https:\/\/beta.sem.admin.ch\/selfcheck\/fr\/wp-json\/wp\/v2\/comments?post=68"}],"version-history":[{"count":4,"href":"https:\/\/beta.sem.admin.ch\/selfcheck\/fr\/wp-json\/wp\/v2\/pages\/68\/revisions"}],"predecessor-version":[{"id":4665,"href":"https:\/\/beta.sem.admin.ch\/selfcheck\/fr\/wp-json\/wp\/v2\/pages\/68\/revisions\/4665"}],"wp:attachment":[{"href":"https:\/\/beta.sem.admin.ch\/selfcheck\/fr\/wp-json\/wp\/v2\/media?parent=68"}],"curies":[{"name":"wp","href":"https:\/\/api.w.org\/{rel}","templated":true}]}}