{"id":2616,"date":"2023-08-14T14:52:10","date_gmt":"2023-08-14T12:52:10","guid":{"rendered":"https:\/\/beta.sem.admin.ch\/selfcheck\/mentions-legales\/"},"modified":"2024-01-31T15:31:27","modified_gmt":"2024-01-31T14:31:27","slug":"mentions-legales","status":"publish","type":"page","link":"https:\/\/beta.sem.admin.ch\/selfcheck\/fr\/mentions-legales\/","title":{"rendered":"Impressum"},"content":{"rendered":"<div class=\"gb-container gb-container-a5444912 gb-container-c5638dae\"><\/div>\n\n<div class=\"gb-container gb-container-a8ae60b0 gb-container-7f1754a8\">\n\n<h2 class=\"gb-headline gb-headline-8dea8273 gb-headline-text gb-headline-46980c87\">Impressum<\/h2>\n\n\n\n<p>Autotest de naturalisation, phase pilote<br>\u00a9\ufe0f S\u00e9cretariat d&rsquo;\u00c9tat aux migrations SEM 2024<\/p>\n\n\n\n<p><strong><strong>\u00c9diteur \/ Conception et r\u00e9alisation<\/strong><\/strong><br>Secr\u00e9tariat d&rsquo;\u00c9tat aux migrations SEM<br>Quellenweg 6<br>CH-3003 Berne-Wabern<br><a href=\"mailto:selfcheck@sem.admin.ch\">selfcheck@sem.admin.ch<\/a><br><a href=\"https:\/\/www.sem.admin.ch\/sem\/de\/home.html\" target=\"_blank\" rel=\"noreferrer noopener\">www.sem.admin.ch<\/a><\/p>\n\n\n\n<p class=\"gb-headline gb-headline-56e7271a gb-headline-text gb-headline-595d3662\">Les bases l\u00e9gales sont l&rsquo;article 8 alin\u00e9a 2, 10, 10a et 11 de la loi sur l&rsquo;organisation du gouvernement et de l&rsquo;administration (LOGA) et l&rsquo;article 57 de la loi f\u00e9d\u00e9rale sur les \u00e9trangers et l&rsquo;int\u00e9gration (LEI). La base l\u00e9gale pour le traitement des donn\u00e9es personnelles que les utilisateurs et utilisatrices du test b\u00eata fournissent volontairement se fonde sur la loi f\u00e9d\u00e9rale sur la protection des donn\u00e9es (article 34 alin\u00e9a 4 litera b, LPD).<\/p>\n\n\n\n<p class=\"gb-headline gb-headline-62090ba6 gb-headline-text gb-headline-595d3662\">L&rsquo;autotest de naturalisation a \u00e9t\u00e9 cr\u00e9\u00e9 dans le cadre du programme <a href=\"https:\/\/www.innovationfellowship.ch\/home-fr\" target=\"_blank\" rel=\"noreferrer noopener\">Innovation Fellowship de l&rsquo;administration f\u00e9d\u00e9rale<\/a>.<\/p>\n\n<\/div>","protected":false},"excerpt":{"rendered":"<p>Impressum Autotest de naturalisation, phase pilote\u00a9\ufe0f S\u00e9cretariat d&rsquo;\u00c9tat aux migrations SEM 2024 \u00c9diteur \/ Conception et r\u00e9alisationSecr\u00e9tariat d&rsquo;\u00c9tat aux migrations SEMQuellenweg 6CH-3003 Berne-Wabernselfcheck@sem.admin.chwww.sem.admin.ch Les bases l\u00e9gales sont l&rsquo;article 8 alin\u00e9a 2, 10, 10a et 11 de la loi sur l&rsquo;organisation du gouvernement et de l&rsquo;administration (LOGA) et l&rsquo;article 57 de la loi f\u00e9d\u00e9rale sur les &#8230; <a title=\"Impressum\" class=\"read-more\" href=\"https:\/\/beta.sem.admin.ch\/selfcheck\/fr\/mentions-legales\/\" aria-label=\"En savoir plus sur Impressum\">Lire la suite<\/a><\/p>\n","protected":false},"author":1,"featured_media":0,"parent":0,"menu_order":0,"comment_status":"closed","ping_status":"closed","template":"","meta":{"_acf_changed":false,"footnotes":""},"class_list":["post-2616","page","type-page","status-publish"],"acf":[],"_links":{"self":[{"href":"https:\/\/beta.sem.admin.ch\/selfcheck\/fr\/wp-json\/wp\/v2\/pages\/2616","targetHints":{"allow":["GET"]}}],"collection":[{"href":"https:\/\/beta.sem.admin.ch\/selfcheck\/fr\/wp-json\/wp\/v2\/pages"}],"about":[{"href":"https:\/\/beta.sem.admin.ch\/selfcheck\/fr\/wp-json\/wp\/v2\/types\/page"}],"author":[{"embeddable":true,"href":"https:\/\/beta.sem.admin.ch\/selfcheck\/fr\/wp-json\/wp\/v2\/users\/1"}],"replies":[{"embeddable":true,"href":"https:\/\/beta.sem.admin.ch\/selfcheck\/fr\/wp-json\/wp\/v2\/comments?post=2616"}],"version-history":[{"count":5,"href":"https:\/\/beta.sem.admin.ch\/selfcheck\/fr\/wp-json\/wp\/v2\/pages\/2616\/revisions"}],"predecessor-version":[{"id":4627,"href":"https:\/\/beta.sem.admin.ch\/selfcheck\/fr\/wp-json\/wp\/v2\/pages\/2616\/revisions\/4627"}],"wp:attachment":[{"href":"https:\/\/beta.sem.admin.ch\/selfcheck\/fr\/wp-json\/wp\/v2\/media?parent=2616"}],"curies":[{"name":"wp","href":"https:\/\/api.w.org\/{rel}","templated":true}]}}